{"id":134,"date":"2023-12-04T08:04:47","date_gmt":"2023-12-04T07:04:47","guid":{"rendered":"https:\/\/www.eti-cz.cz\/?page_id=134"},"modified":"2023-12-04T08:04:47","modified_gmt":"2023-12-04T07:04:47","slug":"obchodni-podminky","status":"publish","type":"page","link":"https:\/\/www.eti-cz.cz\/?page_id=134","title":{"rendered":"Obchodn\u00ed podm\u00ednky"},"content":{"rendered":"\n<h1 class=\"wp-block-heading\">PROVOZOVATEL INTERNETOV\u00c9HO OBCHODU&nbsp;<\/h1>\n\n\n\n<h3 class=\"wp-block-heading\">&nbsp;<\/h3>\n\n\n\n<p><strong>Obchodn\u00ed firma:\u00a0ROCHGITAL s.r.o.\u00a0<br>Ulice a \u010d\u00edslo popisn\u00e9:\u00a0Roh\u00e1\u010dova 145\/14,\u00a0<br>M\u011bsto a PS\u010c: Praha 3, 130 00<br>St\u00e1t: Czech Republic<\/strong><\/p>\n\n\n\n<p><strong>I\u010cO: 27833411, \u00a0<br>DI\u010c:\u00a0CZ27833411<br><br>Bankovn\u00ed spojen\u00ed:<br>CZK: 7526834001\/5500<br>EUR: 7526834001\/5500<\/strong><\/p>\n\n\n\n<p>IBAN: CZ29 5500 0000 0075 2683 4001<\/p>\n\n\n\n<p>SWIFT: RZBCCZPP<strong><br><\/strong><\/p>\n\n\n\n<h3 class=\"wp-block-heading\"><strong>ODPOV\u011aDN\u00c1 OSOBA A KONTAKT<\/strong><\/h3>\n\n\n\n<p>Christian Bedin<br>info@itely.cz<br>+420 774 416 666<\/p>\n\n\n\n<h3 class=\"wp-block-heading\"><strong>ADRESA VR\u00c1CEN\u00cd Z\u00c1SILEK DO 14 DN\u016e&nbsp;<\/strong><\/h3>\n\n\n\n<p><em>Cejl<\/em>\u00a029\/<em>76<\/em>,<br>602 00 Brno<br>\u010cesk\u00e1 republika<br><strong><a href=\"https:\/\/www.gammapiu.cz\/user\/documents\/upload\/Vr%C3%A1cen%C3%AD%20zbo%C5%BE%C3%AD%20do%2014%20dn%C5%AF.pdf\">\u00a0<\/a><\/strong><a href=\"https:\/\/www.gammapiu.cz\/user\/documents\/upload\/Vr%C3%A1cen%C3%AD%20zbo%C5%BE%C3%AD%20do%2014%20dn%C5%AF.pdf\"><\/a><br><br><br><strong>ADRESA PRO REKLAMACE<br><br><\/strong><em>Cejl<\/em>\u00a029\/<em>76<\/em>,<br>602 00 Brno<br>\u010cesk\u00e1 republika<br>E-mail:\u00a0info<a href=\"mailto:customerservice@gammapiu.cz\">@itely.cz<\/a><br>Tel.: +420 774 416 666<br><br><br><br><br><strong>Kupuj\u00edc\u00ed<\/strong><\/p>\n\n\n\n<p>Spot\u0159ebitel, firma, st\u00e1tn\u00ed instituce.<\/p>\n\n\n\n<h2 class=\"wp-block-heading\">OBJEDN\u00c1V\u00c1N\u00cd<\/h2>\n\n\n\n<p>U n\u00e1s m\u016f\u017eete nakupovat 24 hodin denn\u011b, 7 dn\u00ed v t\u00fddnu. Zbo\u017e\u00ed objedn\u00e1v\u00e1te jednodu\u0161e na e-eshopu, pop\u0159\u00edpad\u011b po telefonu nebo mailem. V\u0161echny ceny jsou uvedeny s DPH 21%. Zbo\u017e\u00ed v\u00e1m m\u016f\u017eeme zaslat po cel\u00e9 \u010cesk\u00e9 Republice a Slovensku (dle individu\u00e1ln\u00edch podm\u00ednek).<\/p>\n\n\n\n<p>Storno objedn\u00e1vky ze strany z\u00e1kazn\u00edka: Svou objedn\u00e1vku m\u016f\u017eete do 24 hodin po jej\u00edm uskute\u010dn\u011bn\u00ed zru\u0161it zasl\u00e1n\u00edm emailu na\u00a0<a href=\"mailto:info@gammapiu.cz\">info@itely.cz<\/a>\u00a0nebo telefonicky na tel. \u010d\u00edsle +420 774 416 666.<\/p>\n\n\n\n<h2 class=\"wp-block-heading\">POTVRZEN\u00cd OBJEDN\u00c1VKY<\/h2>\n\n\n\n<p>Objedn\u00e1vka je p\u0159ijata v\u011bt\u0161inou ihned, nebo do n\u011bkolika hodin, potvrzen\u00ed objedn\u00e1vky je odesl\u00e1no e-mailem na adresu kupuj\u00edc\u00edho. Doklad o koupi, slou\u017e\u00edc\u00ed t\u00e9\u017e jako da\u0148ov\u00fd doklad je sou\u010d\u00e1st\u00ed z\u00e1silky.<\/p>\n\n\n\n<h2 class=\"wp-block-heading\">DOPRAVA<\/h2>\n\n\n\n<figure class=\"wp-block-table\"><table><tbody><tr><td><strong><br>DOPRAVCE<br><\/strong><\/td><td><strong><br>CENA BEZ DPH<br><\/strong><\/td><td><strong><br>DOBA DODAN\u00cd&nbsp;<br><\/strong><\/td><\/tr><tr><td><br>&nbsp;PPL PARCEL SHOP<br><\/td><td>59 K\u010c<\/td><td>1-5 PRACOVN\u00cd DNY<\/td><\/tr><tr><td>&nbsp;<br>&nbsp;PPL<br><\/td><td>89 K\u010c<\/td><td>1-5 PRACOVN\u00cd DNY<\/td><\/tr><tr><td><br>&nbsp;PPL<br><\/td><td>5 \u20ac<\/td><td>1-5 PRACOVN\u00cd DNY<\/td><\/tr><\/tbody><\/table><\/figure>\n\n\n\n<h2 class=\"wp-block-heading\">DODAC\u00cd LH\u016eTA<\/h2>\n\n\n\n<p>Jestli\u017ee je zbo\u017e\u00ed k dispozici skladem, je z\u00e1silka expedov\u00e1na do 1-5 pracovn\u00edch dn\u00ed. V p\u0159\u00edpad\u011b, \u017ee zbo\u017e\u00ed nen\u00ed dostupn\u00e9 do 14 pracovn\u00edch dn\u00ed, kupuj\u00edc\u00edho v\u010das informujeme a sd\u011bl\u00edme p\u0159\u00edpadn\u00fd mo\u017en\u00fd term\u00edn dod\u00e1n\u00ed zbo\u017e\u00ed, pop\u0159\u00edpad\u011b se s n\u00edm domluv\u00edme na dal\u0161\u00edm \u0159e\u0161en\u00ed (zbo\u017e\u00ed podobn\u00e9ho charakteru atd.) O dod\u00e1n\u00ed zbo\u017e\u00ed p\u0159epravce zpravidla p\u0159edem informuje.&nbsp;<\/p>\n\n\n\n<p>Pro velkoobchody plat\u00ed, \u017ee pokud nen\u00ed zbo\u017e\u00ed skladem, m\u016f\u017ee jeho dod\u00e1n\u00ed trvat a\u017e t\u0159i m\u011bs\u00edce.&nbsp;<\/p>\n\n\n\n<h2 class=\"wp-block-heading\">P\u0158EVZET\u00cd Z\u00c1SILKY<\/h2>\n\n\n\n<p>V p\u0159\u00edpad\u011b jak\u00fdchkoliv z\u00e1vad je kupuj\u00edc\u00ed povinen tuto skute\u010dnost neprodlen\u011b ozn\u00e1mit p\u0159epravci a sepsat s n\u00edm protokol o po\u0161kozen\u00ed z\u00e1silky. Jako dal\u0161\u00ed krok, pros\u00edm, kontaktujte na\u0161i firmu, aby bylo mo\u017en\u00e9 celou z\u00e1le\u017eitost ihned vy\u0159e\u0161it.<br>Cena dopravy je vypo\u010d\u00edt\u00e1v\u00e1na na z\u00e1klad\u011b objemu zbo\u017e\u00ed a druhu dopravy, kter\u00fd zvol\u00edte.&nbsp;<\/p>\n\n\n\n<h2 class=\"wp-block-heading\">ZP\u016eSOB \u00daHRADY<\/h2>\n\n\n\n<p>Zbo\u017e\u00ed je mo\u017en\u00e9 hradit n\u00e1sleduj\u00edc\u00edmi zp\u016fsoby:<\/p>\n\n\n\n<ul>\n<li><a href=\"CZK: 7526834001\/5500EUR: 7526834001\/5500\n\n\n\nIBAN: CZ29 5500 0000 0075 2683 4001\">platba p\u0159edem bankovn\u00edm p\u0159evodem na \u00fa\u010det:<br>CZK: 7526834001\/ 5500<br>EUR: 7526834001\/ 5500<\/a><\/li>\n\n\n\n<li>IBAN: CZ29 5500 0000 0075 2683 4001<\/li>\n\n\n\n<li>SWIFT: RZBCCZPP<\/li>\n\n\n\n<li>platba dob\u00edrkou p\u0159i doprav\u011b p\u0159epravn\u00ed slu\u017ebou<\/li>\n<\/ul>\n\n\n\n<h2 class=\"wp-block-heading\">PR\u00c1VO NA ODSTOUPEN\u00cd OD SMLOUVY<\/h2>\n\n\n\n<p>Spot\u0159ebitel, kter\u00fd zakoupil zbo\u017e\u00ed jinak ne\u017e osobn\u011b a bylo mu doru\u010deno libovolnou p\u0159epravn\u00ed slu\u017ebou, m\u00e1 v souladu s Ob\u010dansk\u00fdm z\u00e1kon\u00edkem \u00a71832 \u010d.89\/2012Sb.pr\u00e1vo odstoupit od smlouvy do 14-ti dn\u016f od p\u0159evzet\u00ed zbo\u017e\u00ed. Pro odstoupen\u00ed od smlouvy je t\u0159eba p\u00edsemn\u011b dodavateli ozn\u00e1mit odstoupen\u00ed od smlouvy a pot\u00e9 zaslat dodavateli kompletn\u00ed zbo\u017e\u00ed. Prod\u00e1vaj\u00edc\u00ed&nbsp;je povinen vr\u00e1tit&nbsp;kupujic\u00edmu zaplacen\u00e9 finan\u010dn\u00ed \u010d\u00e1stky nejpozd\u011bji do&nbsp;14 dn\u016f od odstoupen\u00ed. Finan\u010dn\u00ed \u010d\u00e1stka bude vr\u00e1cena na bankovn\u00ed \u00fa\u010det&nbsp;kupujic\u00edho dle dohody se spot\u0159ebitelem.<\/p>\n\n\n\n<p>Toto pr\u00e1vo se vztahuje pouze na nepou\u017eit\u00e9 zbo\u017e\u00ed! Nen\u00ed mo\u017en\u00e9 vracet zbo\u017e\u00ed, se kter\u00fdm se ji\u017e pracovalo.&nbsp;<\/p>\n\n\n\n<p>V p\u0159\u00edpad\u011b, \u017ee jste podnikatelem, tzn. pr\u00e1vnickou osobou \u010di osobou, je\u017e zbo\u017e\u00ed objednala v r\u00e1mci sv\u00e9 podnikatelsk\u00e9 \u010dinnosti nebo v r\u00e1mci sv\u00e9ho samostatn\u00e9ho v\u00fdkonu povol\u00e1n\u00ed (tedy na I\u010cO), z\u00e1konn\u00e1 mo\u017enost Odstoupen\u00ed od kupn\u00ed smlouvy ve 14 dnech se na v\u00e1s nevztahuje.<\/p>\n\n\n\n<h2 class=\"wp-block-heading\">REKLAMACE<\/h2>\n\n\n\n<p>Pokud bylo zbo\u017e\u00ed doru\u010deno p\u0159epravn\u00ed slu\u017ebou \u010di po\u0161tou, za\u0161lete v\u00fdrobek zp\u011bt na adresu\u00a0Rochgital s.r.o., <em>Cejl<\/em>\u00a029\/<em>76<\/em>  602 00 Brno \u00a0\u010cesk\u00e1 republika a ozna\u010dte jej viditeln\u011b jako\u00a0&#8222;REKLAMACE&#8220;. Zbo\u017e\u00ed je t\u0159eba odeslat jako oby\u010dejnou z\u00e1silku ne jako dob\u00edrku. Z\u00e1silky na dob\u00edrku NEBUDOU p\u0159evzaty. V\u00fdrobek je t\u0159eba zabalit do p\u016fvodn\u00edho obalu a p\u0159ilo\u017eit ve\u0161kerou dokumentaci, kter\u00e1 byla s v\u00fdrobkem dod\u00e1v\u00e1na.<\/p>\n\n\n\n<p>Je&nbsp;t\u0159eba tak\u00e9 p\u0159idat fakturu za reklamovan\u00e9 zbo\u017e\u00ed, popis z\u00e1vady, \u010d\u00edslo va\u0161eho bankovn\u00edho \u00fa\u010dtu a vypln\u011bnou posledn\u00ed stranu z n\u00e1vodu a z\u00e1ruky, kter\u00e1 je sou\u010d\u00e1st\u00ed balen\u00ed. Po p\u0159ijet\u00ed z\u00e1silky bude v\u00fdrobek p\u0159ed\u00e1n reklama\u010dn\u00edmu odd\u011blen\u00ed k vy\u0159\u00edzen\u00ed reklamace. Reklamace bude vy\u0159\u00edzena ve 30denn\u00ed lh\u016ft\u011b.<\/p>\n\n\n\n<h2 class=\"wp-block-heading\">&nbsp;<br>JAK\u00c9 \u00daDAJE SHROMA\u017d\u010eUJEME?<\/h2>\n\n\n\n<p>Pro uskute\u010dn\u011bn\u00ed obchodn\u00ed transakce pot\u0159ebujeme zn\u00e1t va\u0161e jm\u00e9no (p\u0159\u00edpadn\u011b jm\u00e9no firmy, I\u010c, DI\u010c a kontaktn\u00ed osobu), adresu (faktura\u010dn\u00ed, pokud se li\u0161\u00ed, tak i dodac\u00ed), st\u00e1t, telefonn\u00ed a emailov\u00fd kontakt. Zachov\u00e1v\u00e1me tak\u00e9 ve\u0161ker\u00e9 va\u0161e obchodn\u00ed transakce proveden\u00e9 na na\u0161em e-shopu.&nbsp;<\/p>\n\n\n\n<p>Jeliko\u017e je na\u0161\u00edm opr\u00e1vn\u011bn\u00fdm z\u00e1jmem informovat V\u00e1s o novink\u00e1ch a v\u00fdhodn\u00fdch nab\u00eddk\u00e1ch, budou v\u00e1mi poskytnut\u00e9 \u00fadaje nad\u00e1le pou\u017e\u00edv\u00e1ny pro marketingov\u00e9 \u00fa\u010dely spojen\u00e9 s va\u0161\u00ed objedn\u00e1vkou.&nbsp;&nbsp;<\/p>\n\n\n\n<h2 class=\"wp-block-heading\">O KOM \u00daDAJE SHROMA\u017d\u010eUJEME?<\/h2>\n\n\n\n<p>Subjektem, jeho\u017e osobn\u00ed \u00fadaje zpracov\u00e1v\u00e1me je ka\u017ed\u00fd z\u00e1kazn\u00edk, vystupuj\u00edc\u00ed jako fyzick\u00e1 nebo pr\u00e1vnick\u00e1 osoba. Dal\u0161\u00edm subjektem pak tak\u00e9 osoba, kter\u00e1 n\u00e1m poskytla souhlas se zpracov\u00e1n\u00edm osobn\u00edch \u00fadaj\u016f v r\u00e1mci marketingu.<\/p>\n\n\n\n<h2 class=\"wp-block-heading\">KOMU D\u00c1L UMO\u017dN\u00cdME ZPRACOV\u00c1N\u00cd \u00daDAJ\u016e?<\/h2>\n\n\n\n<p>Na\u0161e spole\u010dnost vyu\u017e\u00edv\u00e1 n\u011bkolik extern\u00edch spole\u010dnost\u00ed, kter\u00e9 n\u00e1m poskytuj\u00ed slu\u017eby s provozem internetov\u00e9ho obchodu. T\u011bmto spole\u010dnostem p\u0159ed\u00e1v\u00e1me osobn\u00ed \u00fadaje za \u00fa\u010delem p\u0159\u00edm\u00e9ho marketingu nebo veden\u00ed anonymn\u00edch statistik v r\u00e1mci tzv. cookies.<\/p>\n\n\n\n<h2 class=\"wp-block-heading\">K \u010cEMU \u00daDAJE SLOU\u017d\u00cd A JAK DLOUHO JE UCHOV\u00c1V\u00c1ME?<\/h2>\n\n\n\n<p>P\u0159i pr\u016fb\u011bhu obchodn\u00ed transakce a dod\u00e1n\u00ed zbo\u017e\u00ed je nutn\u00e9 s V\u00e1mi komunikovat a m\u00edt pohromad\u011b v\u00fd\u0161e zm\u00edn\u011bn\u00e9 \u00fadaje, kter\u00e9 z\u00edsk\u00e1me pr\u00e1v\u011b p\u0159i Va\u0161\u00ed registraci nebo n\u00e1kupu. Bu\u010f tedy trvale nebo pouze do\u010dasn\u011b. Jeliko\u017e jsou tyto Va\u0161e osobn\u00ed \u00fadaje z\u00edsk\u00e1v\u00e1ny za \u00fa\u010delem realizace obchodn\u00ed transakce, nen\u00ed nutn\u00fd V\u00e1\u0161 v\u00fdslovn\u00fd souhlas.<br>Osobn\u00ed \u00fadaje budou zpracov\u00e1v\u00e1ny po dobu neur\u010ditou. Osobn\u00ed \u00fadaje budou zpracov\u00e1v\u00e1ny v elektronick\u00e9 podob\u011b automatizovan\u00fdm zp\u016fsobem nebo v ti\u0161t\u011bn\u00e9 podob\u011b neautomatizovan\u00fdm zp\u016fsobem.<\/p>\n\n\n\n<h2 class=\"wp-block-heading\">JAK M\u016e\u017dETE EXISTENCI T\u011aCHTO DAT OVLIVNIT?<\/h2>\n\n\n\n<p>Po p\u0159ihl\u00e1\u0161en\u00ed do Va\u0161eho u\u017eivatelsk\u00e9ho \u00fa\u010dtu na eshopu&nbsp;<a href=\"https:\/\/www.gammapiu.cz\/\">www.gammapiu.cz<\/a>&nbsp;m\u016f\u017eete tyto \u00fadaje editovat \u010di mazat. Z \u00fa\u010detn\u00edch d\u016fvod\u016f samoz\u0159ejm\u011b nen\u00ed mo\u017en\u00e9 jakkoli zasahovat do faktura\u010dn\u00edch \u00fadaj\u016f. V p\u0159\u00edpad\u011b, \u017ee chcete Va\u0161i registraci zcela zru\u0161it, sta\u010d\u00ed v editaci u\u017eivatelsk\u00e9ho \u00fa\u010dtu pou\u017e\u00edt tla\u010d\u00edtko \u201eOdstranit m\u016fj u\u017eivatelsk\u00fd \u00fa\u010det\u201c.<\/p>\n\n\n\n<p>M\u00e1te tak\u00e9 pr\u00e1vo na kopii Va\u0161ich osobn\u00edch \u00fadaj\u016f, pr\u00e1vo na p\u0159enositelnost, pr\u00e1vo na n\u00e1mitku. Pokud jste n\u00e1m poskytli souhlas se zpracov\u00e1n\u00edm osobn\u00edch \u00fadaj\u016f, m\u00e1te tak\u00e9 pr\u00e1vo tento souhlas odvolat.<\/p>\n\n\n\n<h2 class=\"wp-block-heading\">COOKIES<\/h2>\n\n\n\n<p>Pro spr\u00e1vnou funkci webov\u00e9 prezentace je nezbytn\u00e9 um\u00edstit tzv. cookies na za\u0159\u00edzen\u00ed n\u00e1v\u0161t\u011bvn\u00edka webov\u00e9 prezentace. Cookies jsou mal\u00e9 soubory, kter\u00e9 internetov\u00e9 str\u00e1nky ukl\u00e1daj\u00ed na po\u010d\u00edta\u010d nebo mobiln\u00ed za\u0159\u00edzen\u00ed U\u017eivatele v okam\u017eiku, kdy tyto st\u00e1nky U\u017eivatel za\u010dne vyu\u017e\u00edvat.<\/p>\n\n\n\n<p>V r\u00e1mci webov\u00e9 prezentace jsou pou\u017e\u00edv\u00e1ny n\u00e1sleduj\u00edc\u00ed cookies, nutn\u00e9 pro spr\u00e1vnou funk\u010dnost webov\u00e9 prezentace (e-shopu):<\/p>\n\n\n\n<ul>\n<li>Google Analytics<\/li>\n\n\n\n<li>Google Adwords<\/li>\n\n\n\n<li>Google Remarketing<\/li>\n\n\n\n<li>Facebook<\/li>\n<\/ul>\n\n\n\n<h2 class=\"wp-block-heading\">MIMOSOUDN\u00cd \u0158E\u0160EN\u00cd SPOT\u0158EBITELSK\u00c9HO SPORU<\/h2>\n\n\n\n<p>V\u00e1\u017een\u00fd spot\u0159ebiteli, jestli se domn\u00edv\u00e1te, \u017ee jsme V\u00e1s po\u0161kodili, nebo nedost\u00e1li sv\u00fdm z\u00e1vazk\u016fm, pi\u0161te na na\u0161i emailovou adresu\u00a0<a href=\"mailto:info@gammapiu.cz\">info@itely.cz<\/a>.<\/p>\n\n\n\n<p>Pokud se n\u00e1m nepoda\u0159\u00ed spor vy\u0159e\u0161it p\u0159\u00edmo, na z\u00e1klad\u011b z\u00e1kona \u010d. 378\/2015, kter\u00fdm se m\u011bn\u00ed z\u00e1kon \u010d. 634\/1992 Sb.,o ochran\u011b spot\u0159ebitele, m\u00e1te tak\u00e9 pr\u00e1vo na mimosoudn\u00ed \u0159e\u0161en\u00ed spot\u0159ebitelsk\u00e9ho sporu. Subjektem (ADR) mimosoudn\u00edho \u0159e\u0161en\u00ed spot\u0159ebitelsk\u00fdch spor\u016f mezi obchodn\u00edkem a spot\u0159ebitelem je \u010cesk\u00e1 obchodn\u00ed inspekce,nebo jin\u00fd subjekt pov\u011b\u0159en\u00fd&nbsp;<a href=\"http:\/\/www.mpo.cz\/dokument169867.html.\">Ministerstvem pr\u016fmyslu a obchodu<\/a>.<\/p>\n\n\n\n<p>U \u010cesk\u00e9 obchodn\u00ed inspekce m\u00e1 spot\u0159ebitel mo\u017enost podat n\u00e1vrh prost\u0159ednictv\u00edm on-line formul\u00e1\u0159e, dostupn\u00e9ho na internetov\u00fdch str\u00e1nk\u00e1ch \u010cesk\u00e9 obchodn\u00ed inspekcehttps:\/\/adr.coi.cz\/cs. Spot\u0159ebitel m\u016f\u017ee podat n\u00e1vrh u \u010cesk\u00e9 obchodn\u00ed inspekce nebo pov\u011b\u0159en\u00e9ho subjektu nejpozd\u011bji do 1 roku ode dne, kdy uplatnil sv\u00e9 pr\u00e1vo, kter\u00e9 je p\u0159edm\u011btem sporu, u prod\u00e1vaj\u00edc\u00edho poprv\u00e9. Spot\u0159ebitel m\u016f\u017ee podat n\u00e1vrh tak\u00e9 prost\u0159ednictv\u00edm platformy mimosoudn\u00edho \u0159e\u0161en\u00ed spot\u0159ebitelsk\u00fdch spor\u016f EU, kter\u00e1 je dostupn\u00e1&nbsp;<a href=\"https:\/\/webgate.ec.europa.eu\/odr\/main\/index.cfm?event=main.home.show&amp;lng=CS\">on-line<\/a>.&nbsp;<\/p>\n\n\n\n<p>N\u00e1vrh zde m\u016f\u017ee podat jenom spot\u0159ebitel \u017eij\u00edc\u00ed v EU na obchodn\u00edka se s\u00eddlem v EU. Jestli\u017ee sporn\u00e9 strany nejsou spokojen\u00e9 s kvalitou mimosoudn\u00edho \u0159e\u0161en\u00ed spot\u0159ebitelsk\u00e9ho sporu a domn\u00edvaj\u00ed se, \u017ee v pr\u016fb\u011bhu \u0159\u00edzen\u00ed do\u0161lo k poru\u0161en\u00ed pravidel pro mimosoudn\u00ed \u0159e\u0161en\u00ed spot\u0159ebitelsk\u00fdch spor\u016f, mohou podat st\u00ed\u017enost na adresu Ministerstva pr\u016fmyslu a obchodu na emailovou adresu adr@mpo.cz. V p\u0159\u00edpad\u011b p\u0159eshrani\u010dn\u00edch spor\u016f pom\u00e1h\u00e1 spot\u0159ebitel\u016fm v p\u0159\u00edstupu k p\u0159\u00edslu\u0161n\u00e9mu subjektu mimosoudn\u00edho \u0159e\u0161en\u00ed spot\u0159ebitelsk\u00fdch spor\u016f Evropsk\u00e9 spot\u0159ebitelsk\u00e9 centrum \u010cesk\u00e1 republika. N\u00e1klady spojen\u00e9 s mimosoudn\u00edm \u0159e\u0161en\u00edm spot\u0159ebitelsk\u00fdch spor\u016f si strany nesou samy.&nbsp;<\/p>\n\n\n\n<h2 class=\"wp-block-heading\">ZAV\u011aRE\u010cN\u00c1 USTANOVEN\u00cd<\/h2>\n\n\n\n<p>Odesl\u00e1n\u00edm elektronick\u00e9 objedn\u00e1vky kupuj\u00edc\u00ed bez v\u00fdhrad p\u0159ij\u00edm\u00e1 ve\u0161ker\u00e1 ustanoven\u00ed obchodn\u00edch podm\u00ednek ve zn\u011bn\u00ed platn\u00e9m v den odesl\u00e1n\u00ed objedn\u00e1vky, jako\u017e i platnou cenu objednan\u00e9ho zbo\u017e\u00ed v\u010detn\u011b p\u0159epravn\u00e9ho \u010di baln\u00e9ho, nebylo-li v konkr\u00e9tn\u00edm p\u0159\u00edpad\u011b prokazateln\u011b dohodnuto jinak. Odeslanou objedn\u00e1vkou je kupuj\u00edc\u00ed neodvolateln\u011b v\u00e1z\u00e1n.<\/p>\n\n\n\n<h2 class=\"wp-block-heading\">PROVOZUJEME VELKOOBCHODN\u00cd PRODEJ<\/h2>\n\n\n\n<p>V p\u0159\u00edpad\u011b z\u00e1jmu o velkoobchodn\u00ed odb\u011br na\u0161eho sortimentu je mo\u017en\u00e9 zalo\u017eit \u00fa\u010det na e-shopu, kde pot\u00e9 z\u00edsk\u00e1te p\u0159\u00edstup k velkoobchodn\u00edm cen\u00e1m, pop\u0159\u00edpad\u011b n\u00e1s pros\u00edm kontaktujte na tel. 774 416 666, kde V\u00e1m sd\u011bl\u00edme podm\u00ednky a bli\u017e\u0161\u00ed informace t\u00fdkaj\u00edc\u00ed se velkoobchodn\u00ed spolupr\u00e1ce.<\/p>\n\n\n\n<h2 class=\"wp-block-heading\">ELEKTRONICK\u00c1 EVIDENCE TR\u017dEB<\/h2>\n\n\n\n<p>Podle z\u00e1kona o evidenci tr\u017eeb je prod\u00e1vaj\u00edc\u00ed povinen vystavit kupuj\u00edc\u00edmu \u00fa\u010dtenku. Z\u00e1rove\u0148 je povinen zaevidovat tr\u017ebu dan\u011b on-line. V p\u0159\u00edpad\u011b technick\u00e9ho v\u00fdpadku pak nejpozd\u011bji do 48 hodin.V nastaven\u00ed sv\u00e9ho prohl\u00ed\u017ee\u010de m\u016f\u017ee u\u017eivatel pou\u017e\u00edv\u00e1n\u00ed cookies zak\u00e1zat.<\/p>\n","protected":false},"excerpt":{"rendered":"<p>PROVOZOVATEL INTERNETOV\u00c9HO OBCHODU&nbsp; &nbsp; Obchodn\u00ed firma:\u00a0ROCHGITAL s.r.o.\u00a0Ulice a \u010d\u00edslo popisn\u00e9:\u00a0Roh\u00e1\u010dova 145\/14,\u00a0M\u011bsto a PS\u010c: Praha 3, 130 00St\u00e1t: Czech Republic I\u010cO: 27833411, \u00a0DI\u010c:\u00a0CZ27833411 Bankovn\u00ed spojen\u00ed:CZK: 7526834001\/5500EUR: 7526834001\/5500 IBAN: CZ29 5500 0000 0075 2683 4001 SWIFT: RZBCCZPP ODPOV\u011aDN\u00c1 OSOBA A KONTAKT Christian Bedininfo@itely.cz+420 774 416 666 ADRESA VR\u00c1CEN\u00cd Z\u00c1SILEK DO 14 DN\u016e&nbsp; Cejl\u00a029\/76,602 00 Brno\u010cesk\u00e1 republika\u00a0 ADRESA [&hellip;]<\/p>\n","protected":false},"author":1,"featured_media":0,"parent":0,"menu_order":0,"comment_status":"closed","ping_status":"closed","template":"","meta":{"_themeisle_gutenberg_block_has_review":false,"footnotes":""},"_links":{"self":[{"href":"https:\/\/www.eti-cz.cz\/index.php?rest_route=\/wp\/v2\/pages\/134"}],"collection":[{"href":"https:\/\/www.eti-cz.cz\/index.php?rest_route=\/wp\/v2\/pages"}],"about":[{"href":"https:\/\/www.eti-cz.cz\/index.php?rest_route=\/wp\/v2\/types\/page"}],"author":[{"embeddable":true,"href":"https:\/\/www.eti-cz.cz\/index.php?rest_route=\/wp\/v2\/users\/1"}],"replies":[{"embeddable":true,"href":"https:\/\/www.eti-cz.cz\/index.php?rest_route=%2Fwp%2Fv2%2Fcomments&post=134"}],"version-history":[{"count":1,"href":"https:\/\/www.eti-cz.cz\/index.php?rest_route=\/wp\/v2\/pages\/134\/revisions"}],"predecessor-version":[{"id":135,"href":"https:\/\/www.eti-cz.cz\/index.php?rest_route=\/wp\/v2\/pages\/134\/revisions\/135"}],"wp:attachment":[{"href":"https:\/\/www.eti-cz.cz\/index.php?rest_route=%2Fwp%2Fv2%2Fmedia&parent=134"}],"curies":[{"name":"wp","href":"https:\/\/api.w.org\/{rel}","templated":true}]}}