{"id":141,"date":"2023-12-04T08:23:21","date_gmt":"2023-12-04T07:23:21","guid":{"rendered":"https:\/\/www.eti-cz.cz\/?page_id=141"},"modified":"2023-12-04T08:23:21","modified_gmt":"2023-12-04T07:23:21","slug":"o-nas","status":"publish","type":"page","link":"https:\/\/www.eti-cz.cz\/?page_id=141","title":{"rendered":"O n\u00e1s"},"content":{"rendered":"\n<p>Spole\u010dnost Rochgital s.r.o. je v\u00fdhradn\u00edm distributorem pro \u010ceskou Republiku a Slovensko.<\/p>\n\n\n\n<p>ETI <\/p>\n\n\n\n<p>Profesion\u00e1ln\u00edf\u00e9nyodroku1976.<br>T\u00fdmprofesion\u00e1l\u016fstudujeavyv\u00edj\u00edtechnologickyvysp\u011bl\u00e9produktyprost\u0159ednictv\u00edmka\u017edodenn\u00edho<br>experimentov\u00e1n\u00edaneust\u00e1l\u00e9hodialogusodborn\u00edky,sv\u00fdrobn\u00edmodd\u011blen\u00edm,<br>kter\u00e9zm\u011bnilomanu\u00e1ln\u00eddovednostivpokro\u010dil\u00e9mzpracov\u00e1n\u00ed,atod\u00edkystroj\u016fmnejnov\u011bj\u0161\u00edgenerace.<br>Spole\u010dnostETIjeschopnavysledovat,zkontrolovatap\u0159izp\u016fsobitka\u017ed\u00fdsegmentv\u00fdrobku,<br>v\u00fdrobn\u00edhoprocesuacerti\u00f6kovatkvalituv\u00fdrobk\u016f,ka\u017ed\u00e9jednotliv\u00e9sou\u010d\u00e1sti.<br>Jedine\u010dn\u00e9ozna\u010den\u00ed&#8220;MadeinItaly&#8220;styl,r\u016fzn\u00e1pr\u016fkopnick\u00e1\u0159e\u0161en\u00edaspecializovan\u00e9slu\u017eby<br>p\u00e9\u010deoz\u00e1kazn\u00edkyjsouodpov\u011bd\u00edspole\u010dnostiETInapo\u017eadavkyz\u00e1kazn\u00edk\u016f,<br>napot\u0159ebyz\u00e1kazn\u00edk\u016f,kte\u0159\u00edjioce\u0148uj\u00edpocel\u00e9msv\u011bt\u011b<\/p>\n","protected":false},"excerpt":{"rendered":"<p>Spole\u010dnost Rochgital s.r.o. je v\u00fdhradn\u00edm distributorem pro \u010ceskou Republiku a Slovensko. ETI Profesion\u00e1ln\u00edf\u00e9nyodroku1976.T\u00fdmprofesion\u00e1l\u016fstudujeavyv\u00edj\u00edtechnologickyvysp\u011bl\u00e9produktyprost\u0159ednictv\u00edmka\u017edodenn\u00edhoexperimentov\u00e1n\u00edaneust\u00e1l\u00e9hodialogusodborn\u00edky,sv\u00fdrobn\u00edmodd\u011blen\u00edm,kter\u00e9zm\u011bnilomanu\u00e1ln\u00eddovednostivpokro\u010dil\u00e9mzpracov\u00e1n\u00ed,atod\u00edkystroj\u016fmnejnov\u011bj\u0161\u00edgenerace.Spole\u010dnostETIjeschopnavysledovat,zkontrolovatap\u0159izp\u016fsobitka\u017ed\u00fdsegmentv\u00fdrobku,v\u00fdrobn\u00edhoprocesuacerti\u00f6kovatkvalituv\u00fdrobk\u016f,ka\u017ed\u00e9jednotliv\u00e9sou\u010d\u00e1sti.Jedine\u010dn\u00e9ozna\u010den\u00ed&#8220;MadeinItaly&#8220;styl,r\u016fzn\u00e1pr\u016fkopnick\u00e1\u0159e\u0161en\u00edaspecializovan\u00e9slu\u017ebyp\u00e9\u010deoz\u00e1kazn\u00edkyjsouodpov\u011bd\u00edspole\u010dnostiETInapo\u017eadavkyz\u00e1kazn\u00edk\u016f,napot\u0159ebyz\u00e1kazn\u00edk\u016f,kte\u0159\u00edjioce\u0148uj\u00edpocel\u00e9msv\u011bt\u011b<\/p>\n","protected":false},"author":1,"featured_media":0,"parent":0,"menu_order":0,"comment_status":"closed","ping_status":"closed","template":"","meta":{"_themeisle_gutenberg_block_has_review":false,"footnotes":""},"_links":{"self":[{"href":"https:\/\/www.eti-cz.cz\/index.php?rest_route=\/wp\/v2\/pages\/141"}],"collection":[{"href":"https:\/\/www.eti-cz.cz\/index.php?rest_route=\/wp\/v2\/pages"}],"about":[{"href":"https:\/\/www.eti-cz.cz\/index.php?rest_route=\/wp\/v2\/types\/page"}],"author":[{"embeddable":true,"href":"https:\/\/www.eti-cz.cz\/index.php?rest_route=\/wp\/v2\/users\/1"}],"replies":[{"embeddable":true,"href":"https:\/\/www.eti-cz.cz\/index.php?rest_route=%2Fwp%2Fv2%2Fcomments&post=141"}],"version-history":[{"count":1,"href":"https:\/\/www.eti-cz.cz\/index.php?rest_route=\/wp\/v2\/pages\/141\/revisions"}],"predecessor-version":[{"id":142,"href":"https:\/\/www.eti-cz.cz\/index.php?rest_route=\/wp\/v2\/pages\/141\/revisions\/142"}],"wp:attachment":[{"href":"https:\/\/www.eti-cz.cz\/index.php?rest_route=%2Fwp%2Fv2%2Fmedia&parent=141"}],"curies":[{"name":"wp","href":"https:\/\/api.w.org\/{rel}","templated":true}]}}