{"id":239,"date":"2026-01-30T07:19:27","date_gmt":"2026-01-30T06:19:27","guid":{"rendered":"https:\/\/www.eti-cz.cz\/?post_type=product&#038;p=239"},"modified":"2026-01-30T07:23:14","modified_gmt":"2026-01-30T06:23:14","slug":"maestro-tourqouise","status":"publish","type":"product","link":"https:\/\/www.eti-cz.cz\/?product=maestro-tourqouise","title":{"rendered":"MAESTRO tourqouise v\u010d DPH"},"content":{"rendered":"<p>2000W<br \/>\nMotor brushless rychlost 115000 ot\u00e1\u010dek\/min., dlouh\u00e1 v\u00fddr\u017e (10000hodin)<br \/>\nPr\u016ftok vzduchu: 89m3\/H<br \/>\n9 teploty<br \/>\n3 rychlosti<br \/>\nStuden\u00fd vzduch (coldshot)<br \/>\nKabel: 3.80m<\/p>\n<p>Barva: tourquoise<\/p>\n<p>Nap\u011bt\u00ed:220-240V~Frekvence50-60Hz<br \/>\nV\u00e1ha: 298g (bez kabelu)<br \/>\nSyst\u00e9m ukl\u00e1d\u00e1n\u00ed rychlosti a teploty<br \/>\nNejti\u0161\u0161\u00ed f\u00e9n sv\u00e9ho typu\u201370dB, nevyd\u00e1v\u00e1 \u017e\u00e1dn\u00e9 hlasit\u00e9 sy\u010div\u00e9 zvuky<br \/>\nLED kontrolka<br \/>\nDopl\u0148ky: 2 trysky a 1 difuz\u00e9r<br \/>\nF\u00e9n na vlasy ETI Maestro pou\u017e\u00edvejte v\u017edy v souladu s n\u00e1vodem\u00a0 k pou\u017eit\u00ed!<\/p>\n","protected":false},"excerpt":{"rendered":"<p>2000W Motor brushless rychlost 115000 ot\u00e1\u010dek\/min., dlouh\u00e1 v\u00fddr\u017e (10000hodin) Pr\u016ftok vzduchu: 89m3\/H 9 teploty 3 rychlosti Studen\u00fd vzduch (coldshot) Kabel: 3.80m Barva: tourquoise Nap\u011bt\u00ed:220-240V~Frekvence50-60Hz V\u00e1ha: 298g (bez kabelu) Syst\u00e9m ukl\u00e1d\u00e1n\u00ed rychlosti a teploty Nejti\u0161\u0161\u00ed f\u00e9n sv\u00e9ho typu\u201370dB, nevyd\u00e1v\u00e1 \u017e\u00e1dn\u00e9 hlasit\u00e9 sy\u010div\u00e9 zvuky LED kontrolka Dopl\u0148ky: 2 trysky a 1 difuz\u00e9r F\u00e9n na vlasy ETI Maestro [&hellip;]<\/p>\n","protected":false},"featured_media":237,"comment_status":"open","ping_status":"closed","template":"","meta":{"_themeisle_gutenberg_block_has_review":false},"product_cat":[16],"product_tag":[],"_links":{"self":[{"href":"https:\/\/www.eti-cz.cz\/index.php?rest_route=\/wp\/v2\/product\/239"}],"collection":[{"href":"https:\/\/www.eti-cz.cz\/index.php?rest_route=\/wp\/v2\/product"}],"about":[{"href":"https:\/\/www.eti-cz.cz\/index.php?rest_route=\/wp\/v2\/types\/product"}],"replies":[{"embeddable":true,"href":"https:\/\/www.eti-cz.cz\/index.php?rest_route=%2Fwp%2Fv2%2Fcomments&post=239"}],"wp:featuredmedia":[{"embeddable":true,"href":"https:\/\/www.eti-cz.cz\/index.php?rest_route=\/wp\/v2\/media\/237"}],"wp:attachment":[{"href":"https:\/\/www.eti-cz.cz\/index.php?rest_route=%2Fwp%2Fv2%2Fmedia&parent=239"}],"wp:term":[{"taxonomy":"product_cat","embeddable":true,"href":"https:\/\/www.eti-cz.cz\/index.php?rest_route=%2Fwp%2Fv2%2Fproduct_cat&post=239"},{"taxonomy":"product_tag","embeddable":true,"href":"https:\/\/www.eti-cz.cz\/index.php?rest_route=%2Fwp%2Fv2%2Fproduct_tag&post=239"}],"curies":[{"name":"wp","href":"https:\/\/api.w.org\/{rel}","templated":true}]}}