{"id":51,"date":"2023-12-01T09:07:23","date_gmt":"2023-12-01T08:07:23","guid":{"rendered":"https:\/\/www.eti-cz.cz\/?post_type=product&#038;p=51"},"modified":"2025-01-22T02:32:58","modified_gmt":"2025-01-22T01:32:58","slug":"eti-line-black","status":"publish","type":"product","link":"https:\/\/www.eti-cz.cz\/?product=eti-line-black","title":{"rendered":"ETI LINE black v\u010d DPH"},"content":{"rendered":"<p>2200W<br \/>\nMotor AC, dlouh\u00e1 v\u00fddr\u017e (2000hodin)<br \/>\nPr\u016ftok vzduchu: 104m3\/H<br \/>\n4 teploty<br \/>\n2 rychlosti<br \/>\nStuden\u00fd vzduch (coldshot)<br \/>\nKabel: 3.00m<br \/>\nBarva: \u010cern\u00e1<\/p>\n<p>Nap\u011bt\u00ed: 220-240V~Frekvence50-60Hz<br \/>\nV\u00e1ha: 520g (bez kabelu)<br \/>\nF\u00e9n na vlasy s inovativn\u00ed keramickou m\u0159\u00ed\u017ekou<br \/>\nNejti\u0161\u0161\u00ed f\u00e9n sv\u00e9ho typu\u201368dB, nevyd\u00e1v\u00e1 \u017e\u00e1dn\u00e9 hlasit\u00e9 sy\u010div\u00e9 zvuky<br \/>\nPolykarbon\u00e1tov\u00fd pl\u00e1\u0161\u0165<br \/>\nDopl\u0148ky: 2 trysky<br \/>\nF\u00e9n na vlasy ETI Line pou\u017e\u00edvejte v\u017edy v souladu s n\u00e1vodem k pou\u017eit\u00ed<\/p>\n<p>!! POZOR UM\u00cdST\u011aN\u00cd NEBO BARVA TLA\u010c\u00cdTEK F\u00c9N SE M\u016e\u017dE LI\u0160IT OD OBR\u00c1ZKU !!<\/p>\n","protected":false},"excerpt":{"rendered":"<p>2200W Motor AC, dlouh\u00e1 v\u00fddr\u017e (2000hodin) Pr\u016ftok vzduchu: 104m3\/H 4 teploty 2 rychlosti Studen\u00fd vzduch (coldshot) Kabel: 3.00m Barva: \u010cern\u00e1 Nap\u011bt\u00ed: 220-240V~Frekvence50-60Hz V\u00e1ha: 520g (bez kabelu) F\u00e9n na vlasy s inovativn\u00ed keramickou m\u0159\u00ed\u017ekou Nejti\u0161\u0161\u00ed f\u00e9n sv\u00e9ho typu\u201368dB, nevyd\u00e1v\u00e1 \u017e\u00e1dn\u00e9 hlasit\u00e9 sy\u010div\u00e9 zvuky Polykarbon\u00e1tov\u00fd pl\u00e1\u0161\u0165 Dopl\u0148ky: 2 trysky F\u00e9n na vlasy ETI Line pou\u017e\u00edvejte v\u017edy v [&hellip;]<\/p>\n","protected":false},"featured_media":64,"comment_status":"open","ping_status":"closed","template":"","meta":{"_themeisle_gutenberg_block_has_review":false},"product_cat":[20],"product_tag":[],"_links":{"self":[{"href":"https:\/\/www.eti-cz.cz\/index.php?rest_route=\/wp\/v2\/product\/51"}],"collection":[{"href":"https:\/\/www.eti-cz.cz\/index.php?rest_route=\/wp\/v2\/product"}],"about":[{"href":"https:\/\/www.eti-cz.cz\/index.php?rest_route=\/wp\/v2\/types\/product"}],"replies":[{"embeddable":true,"href":"https:\/\/www.eti-cz.cz\/index.php?rest_route=%2Fwp%2Fv2%2Fcomments&post=51"}],"wp:featuredmedia":[{"embeddable":true,"href":"https:\/\/www.eti-cz.cz\/index.php?rest_route=\/wp\/v2\/media\/64"}],"wp:attachment":[{"href":"https:\/\/www.eti-cz.cz\/index.php?rest_route=%2Fwp%2Fv2%2Fmedia&parent=51"}],"wp:term":[{"taxonomy":"product_cat","embeddable":true,"href":"https:\/\/www.eti-cz.cz\/index.php?rest_route=%2Fwp%2Fv2%2Fproduct_cat&post=51"},{"taxonomy":"product_tag","embeddable":true,"href":"https:\/\/www.eti-cz.cz\/index.php?rest_route=%2Fwp%2Fv2%2Fproduct_tag&post=51"}],"curies":[{"name":"wp","href":"https:\/\/api.w.org\/{rel}","templated":true}]}}